{"id":149,"date":"2014-10-09T21:13:29","date_gmt":"2014-10-09T19:13:29","guid":{"rendered":"http:\/\/www.ulidatler.com\/wp\/?page_id=149"},"modified":"2019-08-24T18:28:00","modified_gmt":"2019-08-24T16:28:00","slug":"projekte","status":"publish","type":"page","link":"http:\/\/www.ulidatler.com\/wp\/?page_id=149","title":{"rendered":"Projekte"},"content":{"rendered":"<table style=\"width: 100%;\">\n<tbody>\n<tr>\n<td style=\"width: 50%; text-align: left; vertical-align: top;\"><em>\u00a0 \u00a0 \u00a0 \u00a0 \u00a0<\/em><\/p>\n<p><em> \u00a0\u00a0<\/em><span style=\"color: #ff9900;\"><strong>Uli Datler Trio\u00a0<\/strong><\/span><\/p>\n<ul>\n<li>Uli Datler&#8230;&#8230;&#8230;&#8230;&#8230;&#8230;&#8230;&#8230;..piano<\/li>\n<li>Alexander Lackner&#8230;&#8230;&#8230;&#8230;.bass<\/li>\n<li>Christian Grobauer&#8230;&#8230;&#8230;&#8230;.drums<\/li>\n<\/ul>\n<p>Transparenz und Fragilit\u00e4t der kleinen Besetzung erm\u00f6glichen die intensive Interaktion der Dreiecksbeziehung &#8222;Piano-Trio&#8220;. Die Balance zwischen Komposition und Arrangement einerseits und der sich daraus entwickelnden Improvisation andererseits wird von uns ausgelotet und immer wieder neu erschaffen. Klangliche und formale Vielfalt ist das Forum f\u00fcr eine Kommunikation, in der drei Pers\u00f6nlichkeiten musikalisch zu Wort kommen und ein gemeinsames Ganzes formen. Die Themen dieser Kommunikation liefern in erster Linie meine Kompositionen.<\/p>\n<hr \/>\n<p><span style=\"color: #ff8800;\"><strong>Uli Datler Quintet<\/strong><\/span><\/p>\n<ul>\n<li>Uli Datler&#8230;&#8230;&#8230;&#8230;&#8230;&#8230;&#8230;&#8230;&#8230;&#8230;piano<\/li>\n<li>Thomas Faulhammer&#8230;&#8230;&#8230;&#8230;&#8230;&#8230;&#8230;&#8230;&#8230;sax<\/li>\n<li>Edi K\u00f6hldorfer&#8230;&#8230;&#8230;&#8230;&#8230;&#8230;&#8230;&#8230;..guitar<\/li>\n<li>Martin Heinzle&#8230;&#8230;&#8230;&#8230;&#8230;&#8230;&#8230;&#8230;..bass<\/li>\n<li>Bernd Rommel&#8230;&#8230;&#8230;&#8230;&#8230;&#8230;&#8230;&#8230;..drums<\/li>\n<\/ul>\n<p>Diese Band hat als Quartet begonnen und sich zun\u00e4chst &#8211; im Gegensatz zu meinem Trio &#8211; vorallem dem Jazzrepertoire in seiner ganzen Vielfalt gewidmet. Ich habe versucht, von mir besonders geliebte Kompositionen von Jazzmusikern, die ich verehre und bewundere, genau f\u00fcr diese Band und ihre gro\u00dfartigen Mitglieder zu arrangieren. Inzwischen ist das aus <a href=\"http:\/\/www.edikoehldorfer.com\">Edi K\u00f6hldorfer<\/a>, <a href=\"https:\/\/www.discogs.com\/de\/artist\/5178396-Martin-Heinzle\">Martin Heinzle<\/a>,<a href=\"https:\/\/www.t-rommel.at\"> Bernd Rommel<\/a> und mir bestehende Quartet mit <a href=\"https:\/\/www.faulhammer.com\/index.php?&amp;acceptCookies=1\">Thomas Faulhammer <\/a>zum Quintet mutiert. \u00a0Meinen lange gehegten Wunsch, die Musik von STING zu arrangieren, im Jazzkontext und akustischen Setting, habe ich mit diesem Quintet verwirklicht. Im J\u00e4nner 2019 wurde unsere CD &#8222;STINGfluenced&#8220; ver\u00f6ffentlicht.<\/p>\n<hr \/>\n<p><span style=\"color: #f28e02;\"><strong>Snickerifabrik<\/strong><\/span><\/p>\n<ul>\n<li>Christoph Pepe Auer\u2026\u2026\u2026\u2026\u2026..sax<\/li>\n<li>Uli Datler\u2026\u2026\u2026\u2026\u2026\u2026..piano, rhodes<\/li>\n<li>Florian Aschauer\u2026\u2026\u2026\u2026\u2026..e-bass<\/li>\n<li>Raphael Schuster\u2026\u2026\u2026\u2026\u2026\u2026\u2026dr<\/li>\n<\/ul>\n<p>Ein Pessetext zu dieser Formation: \u00a0 \u00a0<em>Zwei Musikstudenten, der 19-j\u00e4hrige Raphael Schuster (Drums) und der 23-j\u00e4hrige Florian Aschauer (Bass), machen mit zwei arrivierten und erfahrenen Jazzmusikern gemeinsame Sache. Da w\u00e4re einmal der Pianist Uli Datler, vor allem durch sein eigenes Trio bekannt, und der Saxofonist, Bassklarinettist und Labelbetreiber Christoph Pepe Auer. Was die beiden Jungspunde, die auch haupts\u00e4chlich f\u00fcr die Kompositionen verantwortlich zeichnen, mit den \u201ealten Hasen\u201c musikalisch auf die Beine stellen, ist so frisch und frech, wie es St\u00fccktitel \u00e0 la \u201eFreischneider In Your Face\u201c oder \u201eJohnny Lessig\u201c schon andeuten. Da wird munter und ungeniert im Fundus des Modern Jazz, aber auch der Rock- und Popmusik gegrast; Querverbindungen zu Bands wie Rudder oder Kompost3 sind durchaus beabsichtigt und kein Zufall. Dazwischen finden auch hinrei\u00dfende Coverversionen, etwa jene des One-Hit-Wonders \u201eBreak My Stride\u201c aus dem Jahr 1983, ihren Platz. Die ausgekl\u00fcgelten und interessant strukturierten Kompositionen lassen den vier Akteuren viel Platz f\u00fcr spontane Einf\u00e4lle und Improvisationen \u2013 der Bandname Snickerifabrik (schwedisch f\u00fcr Tischlerwerkstatt) hat also durchaus auch eine tiefere Bedeutung. Man w\u00e4hlt das Material sorgf\u00e4ltig aus, bearbeitet es gemeinsam und erh\u00e4lt als Endprodukt ein gelungenes Werkst\u00fcck.Snickerifabrik: das ist spannende und originelle Musik, die aus vielen stilistischen Quellen sch\u00f6pft und sowohl f\u00fcr das Hirn als auch das Herz etwas bietet. (Martin Schuster, &#8222;CONCERTO&#8220;)<\/em><\/p>\n<hr \/>\n<p><span style=\"color: #de8a0d;\"><strong>Martina Petz &amp; Band<\/strong><\/span><\/p>\n<ul>\n<li>Martina Petz&#8230;&#8230;&#8230;&#8230;&#8230;&#8230;&#8230;vocals<\/li>\n<li>Wolfgang K\u00f6ck&#8230;&#8230;&#8230;&#8230;&#8230;&#8230;guitar<\/li>\n<li>Uli Datler&#8230;&#8230;&#8230;&#8230;&#8230;&#8230;&#8230;&#8230;..piano, rhodes<\/li>\n<li>Martin Treml&#8230;&#8230;&#8230;&#8230;&#8230;&#8230;&#8230;bass<\/li>\n<li>Bernd Rommel&#8230;&#8230;&#8230;&#8230;&#8230;&#8230;..drums<\/li>\n<\/ul>\n<p>Martina Petz ist sowohl eine bemerkenswerte, das &#8222;Scaten&#8220; zelebrierende, interpretierende Jazzvocalistin, als auch eine hervorragende Komponistin und Textautorin. Beide Facetten ihrer Meisterschaft setzt sie mit dieser Band um. Die deutschsprachigen Songs von Martina Petz sind irgendwo zwischen Chanson, Jazz und Groove angesiedelt. Teils behandelt sie mit humorvoller Leichtigkeit allt\u00e4gliche Themen, teils ber\u00fchrt sie mit bildhaften, an Collagen erinnernden Texten sensible Bereiche der Seele.<\/p>\n<hr \/>\n<p><span style=\"color: #ff8800;\"><strong>Mit Stella Jones:<\/strong><\/span><\/p>\n<p><span style=\"color: #ff8800;\"><strong>Stella Jones &amp; Band<\/strong><\/span><\/p>\n<ul>\n<li>Stella Jones&#8230;&#8230;&#8230;&#8230;&#8230;&#8230;&#8230;&#8230;&#8230;&#8230;.vocals<\/li>\n<li>Edi K\u00f6hldorfer&#8230;&#8230;&#8230;&#8230;&#8230;&#8230;&#8230;&#8230;&#8230;.guitar<\/li>\n<li>Uli Datler&#8230;&#8230;&#8230;&#8230;&#8230;&#8230;&#8230;&#8230;&#8230;&#8230;&#8230;.piano, keys<\/li>\n<li>Rue Kostron&#8230;&#8230;&#8230;&#8230;&#8230;&#8230;&#8230;&#8230;&#8230;&#8230;e-bass<\/li>\n<li>Tommy B\u00f6r\u00f6cz&#8230;&#8230;&#8230;&#8230;&#8230;&#8230;&#8230;&#8230;&#8230;.drums<\/li>\n<\/ul>\n<p>Mit Stella Jones verbindet mich eine langj\u00e4hrige Zusammenarbeit und Freundschaft. Schon zwei CDs mit Songs aus ihrer Feder hat Stella aufgenommen und produziert. Live bringt sie ihre eigene Musik und Funk&amp;Soul-Covers ihrem Publikum mit dieser Band zu Geh\u00f6r.<\/p>\n<p><span style=\"color: #ff8800;\"><strong>Stella Jones &amp; the Jazzliners<\/strong><\/span><\/p>\n<p>&#8230;.repr\u00e4seniert die Verbundenheit der Vocalistin mit Jazz. Quasi &#8222;back to the roots&#8220;, war doch Stellas Vater ein namhafter Beboptrompeter!<\/p>\n<p><span style=\"color: #ff8800;\"><strong>American Christmas Gospel<\/strong><\/span><\/p>\n<p>Schon seit vielen Jahren darf ich das, von Stella Jones gegr\u00fcndete und geleitete Gospelensemble als Pianist begleiten.<\/p>\n<hr \/>\n<p><span style=\"color: #ff8800;\"><strong>Mit Carole Alston:<\/strong><\/span><\/p>\n<p>Ich hatte das Vergn\u00fcgen, Carole Alston, die in den USA Schauspiel, Tanz und Gesang studiert hat, bei der Urauff\u00fchrung ihres one-woman St\u00fccks &#8222;Tribute to a Blue Lady&#8220; kennenzulernen. Sie spielte darin das Leben von Billie Holiday in mehreren Bildern, beginnend mit Billies Jugendzeit bis zu ihrem tragischen Tod. Ich war in dieser Produktion am Piano und musical director. Carole war in ihrer Rolle grandios, jede Vorstellung war auch f\u00fcr uns Musiker tief beeindruckend. Seither arbeite ich mit Carole Alston immer wieder und sehr gerne in verschiedenen Projekten zusammen. Besonders freut es mich, dass ich, gemeinsam mit <strong>Uli Langthaler (bass) <\/strong>und <strong>Andi Wei\u00df (drums)<\/strong>, Carole in ihren Gospelkonzerten begleiten darf. Sie ist in dieser Musik tief verwurzelt, Caroles Vater hatte eine Kirche in Washington D.C., in der Carole von Kindheit an mit Gospelmusik aufgewachsen ist. Im Mai 2013 waren wir eingeladen, gemeinsam mit dem Wr. Singverein ein Konzert im Wr. Musikverein zu geben.<\/p>\n<hr \/>\n<p><span style=\"color: #ff8800;\"><strong>Colours &amp; People<\/strong><\/span><\/p>\n<p>Der Drummer und Songwriter <strong>Tommy B\u00f6r\u00f6cz\u00a0<\/strong>hat 2014 seine Kultband &#8222;Colours &amp; People&#8220; wieder ins Leben gerufen. Ich sch\u00e4tze Tommy sowohl als Drummer als auch als Bandleader und Komponisten sehr und versuche mit Freude in dieser Band, seine Musik an den keyboards zum Klingen zu bringen.<\/p>\n<hr \/>\n<p><span style=\"color: #ff8800;\"><strong>Chief Jackson<\/strong><\/span><\/p>\n<ul>\n<li>Horst G\u00f6ssl&#8230;&#8230;&#8230;&#8230;&#8230;&#8230;&#8230;&#8230;vocals, guitar<\/li>\n<li>Volker Kargerer&#8230;&#8230;&#8230;&#8230;&#8230;&#8230;&#8230;&#8230;.guitar<\/li>\n<li>Uli Datler&#8230;&#8230;&#8230;&#8230;&#8230;&#8230;&#8230;&#8230;&#8230;&#8230;&#8230;.rhodes, hammond<\/li>\n<li>Franz Schaden&#8230;&#8230;&#8230;&#8230;&#8230;&#8230;&#8230;&#8230;.bass<\/li>\n<li>Markus Schaden&#8230;&#8230;&#8230;&#8230;&#8230;&#8230;&#8230;..drums<\/li>\n<\/ul>\n<p>In sehr eigenst\u00e4ndiger Art und Weise nimmt sich diese Band Songs aus den unterschiedlichsten Genres wie Rockabilly, Rock\u00b4n\u00b4Roll, Blues und Soul an.<\/td>\n<td style=\"width: 50%; text-align: center; vertical-align: top;\"><img loading=\"lazy\" decoding=\"async\" class=\"alignleft wp-image-525\" src=\"http:\/\/www.ulidatler.com\/wp\/wp-content\/uploads\/2014\/11\/BR73100-300x196.jpg\" alt=\"\" width=\"600\" height=\"393\" srcset=\"http:\/\/www.ulidatler.com\/wp\/wp-content\/uploads\/2014\/11\/BR73100-300x196.jpg 300w, http:\/\/www.ulidatler.com\/wp\/wp-content\/uploads\/2014\/11\/BR73100-1024x670.jpg 1024w, http:\/\/www.ulidatler.com\/wp\/wp-content\/uploads\/2014\/11\/BR73100-228x150.jpg 228w, http:\/\/www.ulidatler.com\/wp\/wp-content\/uploads\/2014\/11\/BR73100-150x98.jpg 150w\" sizes=\"auto, (max-width: 600px) 100vw, 600px\" \/><\/p>\n<table style=\"border-collapse: collapse; width: 100%;\">\n<tbody>\n<tr>\n<td style=\"width: 100%;\"><\/td>\n<\/tr>\n<tr>\n<td style=\"width: 100%;\">\n<table style=\"border-collapse: collapse; width: 100%;\">\n<tbody>\n<tr>\n<td style=\"width: 100%;\"><\/td>\n<\/tr>\n<tr>\n<td style=\"width: 100%;\"><\/td>\n<\/tr>\n<tr>\n<td style=\"width: 100%;\">\n<table style=\"border-collapse: collapse; width: 100%;\">\n<tbody>\n<tr>\n<td style=\"width: 100%;\"><\/td>\n<\/tr>\n<tr>\n<td style=\"width: 100%;\"><\/td>\n<\/tr>\n<\/tbody>\n<\/table>\n<\/td>\n<\/tr>\n<\/tbody>\n<\/table>\n<\/td>\n<\/tr>\n<\/tbody>\n<\/table>\n<p><img loading=\"lazy\" decoding=\"async\" class=\"alignleft wp-image-1527\" src=\"http:\/\/www.ulidatler.com\/wp\/wp-content\/uploads\/2019\/08\/Dattler_190107_c_Andreas_Mueller_462-300x200.jpg\" alt=\"\" width=\"600\" height=\"400\" srcset=\"http:\/\/www.ulidatler.com\/wp\/wp-content\/uploads\/2019\/08\/Dattler_190107_c_Andreas_Mueller_462-300x200.jpg 300w, http:\/\/www.ulidatler.com\/wp\/wp-content\/uploads\/2019\/08\/Dattler_190107_c_Andreas_Mueller_462-768x512.jpg 768w, http:\/\/www.ulidatler.com\/wp\/wp-content\/uploads\/2019\/08\/Dattler_190107_c_Andreas_Mueller_462-1024x683.jpg 1024w, http:\/\/www.ulidatler.com\/wp\/wp-content\/uploads\/2019\/08\/Dattler_190107_c_Andreas_Mueller_462-225x150.jpg 225w, http:\/\/www.ulidatler.com\/wp\/wp-content\/uploads\/2019\/08\/Dattler_190107_c_Andreas_Mueller_462-150x100.jpg 150w\" sizes=\"auto, (max-width: 600px) 100vw, 600px\" \/><\/p>\n<table style=\"border-collapse: collapse; width: 100%;\">\n<tbody>\n<tr>\n<td style=\"width: 100%;\"><\/td>\n<\/tr>\n<tr>\n<td style=\"width: 100%;\"><\/td>\n<\/tr>\n<tr>\n<td style=\"width: 100%;\"><\/td>\n<\/tr>\n<tr>\n<td style=\"width: 100%;\"><\/td>\n<\/tr>\n<\/tbody>\n<\/table>\n<table style=\"border-collapse: collapse; width: 100%; height: 92px;\">\n<tbody>\n<tr style=\"height: 23px;\">\n<td style=\"width: 100%; height: 23px;\"><\/td>\n<\/tr>\n<tr style=\"height: 23px;\">\n<td style=\"width: 100%; height: 23px;\"><\/td>\n<\/tr>\n<tr style=\"height: 23px;\">\n<td style=\"width: 100%; height: 23px;\"><\/td>\n<\/tr>\n<tr style=\"height: 23px;\">\n<td style=\"width: 100%; height: 23px;\">\n<table style=\"border-collapse: collapse; width: 100%;\">\n<tbody>\n<tr>\n<td style=\"width: 100%;\"><\/td>\n<\/tr>\n<tr>\n<td style=\"width: 100%;\"><\/td>\n<\/tr>\n<tr>\n<td style=\"width: 100%;\"><\/td>\n<\/tr>\n<\/tbody>\n<\/table>\n<table style=\"border-collapse: collapse; width: 100%;\">\n<tbody>\n<tr>\n<td style=\"width: 100%;\"><\/td>\n<\/tr>\n<tr>\n<td style=\"width: 100%;\"><\/td>\n<\/tr>\n<\/tbody>\n<\/table>\n<\/td>\n<\/tr>\n<\/tbody>\n<\/table>\n<div id=\"attachment_1268\" style=\"width: 610px\" class=\"wp-caption alignleft\"><img loading=\"lazy\" decoding=\"async\" aria-describedby=\"caption-attachment-1268\" class=\"wp-image-1268\" src=\"http:\/\/www.ulidatler.com\/wp\/wp-content\/uploads\/2014\/10\/11893900_124139567931202_5529705682488942011_o-300x111.jpg\" alt=\"\" width=\"600\" height=\"221\" srcset=\"http:\/\/www.ulidatler.com\/wp\/wp-content\/uploads\/2014\/10\/11893900_124139567931202_5529705682488942011_o-300x111.jpg 300w, http:\/\/www.ulidatler.com\/wp\/wp-content\/uploads\/2014\/10\/11893900_124139567931202_5529705682488942011_o-250x92.jpg 250w, http:\/\/www.ulidatler.com\/wp\/wp-content\/uploads\/2014\/10\/11893900_124139567931202_5529705682488942011_o-150x55.jpg 150w, http:\/\/www.ulidatler.com\/wp\/wp-content\/uploads\/2014\/10\/11893900_124139567931202_5529705682488942011_o.jpg 640w\" sizes=\"auto, (max-width: 600px) 100vw, 600px\" \/><p id=\"caption-attachment-1268\" class=\"wp-caption-text\">Snickerifabrik<\/p><\/div>\n<table style=\"border-collapse: collapse; width: 100%; height: 184px;\">\n<tbody>\n<tr style=\"height: 23px;\">\n<td style=\"width: 100%; height: 23px;\"><\/td>\n<\/tr>\n<tr style=\"height: 23px;\">\n<td style=\"width: 100%; height: 23px;\"><\/td>\n<\/tr>\n<tr style=\"height: 23px;\">\n<td style=\"width: 100%; height: 23px;\"><\/td>\n<\/tr>\n<tr style=\"height: 23px;\">\n<td style=\"width: 100%; height: 23px;\"><\/td>\n<\/tr>\n<tr style=\"height: 23px;\">\n<td style=\"width: 100%; height: 23px;\"><\/td>\n<\/tr>\n<tr style=\"height: 23px;\">\n<td style=\"width: 100%; height: 23px;\"><\/td>\n<\/tr>\n<tr style=\"height: 23px;\">\n<td style=\"width: 100%; height: 23px;\"><\/td>\n<\/tr>\n<tr style=\"height: 23px;\">\n<td style=\"width: 100%; height: 23px;\"><\/td>\n<\/tr>\n<\/tbody>\n<\/table>\n<table style=\"border-collapse: collapse; width: 100%; height: 138px;\">\n<tbody>\n<tr style=\"height: 23px;\">\n<td style=\"width: 100%; height: 23px;\"><\/td>\n<\/tr>\n<tr style=\"height: 23px;\">\n<td style=\"width: 100%; height: 23px;\"><\/td>\n<\/tr>\n<tr style=\"height: 23px;\">\n<td style=\"width: 100%; height: 23px;\"><\/td>\n<\/tr>\n<tr style=\"height: 23px;\">\n<td style=\"width: 100%; height: 23px;\">\n<table style=\"border-collapse: collapse; width: 100%;\">\n<tbody>\n<tr>\n<td style=\"width: 100%;\"><\/td>\n<\/tr>\n<tr>\n<td style=\"width: 100%;\"><\/td>\n<\/tr>\n<\/tbody>\n<\/table>\n<table class=\" alignleft\" style=\"border-collapse: collapse; width: 100%;\">\n<tbody>\n<tr>\n<td style=\"width: 100%;\"><\/td>\n<\/tr>\n<tr>\n<td style=\"width: 100%;\"><\/td>\n<\/tr>\n<tr>\n<td style=\"width: 100%;\"><\/td>\n<\/tr>\n<\/tbody>\n<\/table>\n<table class=\" alignleft\" style=\"border-collapse: collapse; width: 100%;\">\n<tbody>\n<tr>\n<td style=\"width: 100%;\"><\/td>\n<\/tr>\n<tr>\n<td style=\"width: 100%;\"><\/td>\n<\/tr>\n<tr>\n<td style=\"width: 100%;\"><\/td>\n<\/tr>\n<tr>\n<td style=\"width: 100%;\"><\/td>\n<\/tr>\n<tr>\n<td style=\"width: 100%;\"><\/td>\n<\/tr>\n<tr>\n<td style=\"width: 100%;\"><\/td>\n<\/tr>\n<tr>\n<td style=\"width: 100%;\"><\/td>\n<\/tr>\n<tr>\n<td style=\"width: 100%;\"><\/td>\n<\/tr>\n<\/tbody>\n<\/table>\n<p><img loading=\"lazy\" decoding=\"async\" class=\"alignleft wp-image-1593\" src=\"http:\/\/www.ulidatler.com\/wp\/wp-content\/uploads\/2019\/08\/martina-petz-quartett-c_48255263187_o-300x216.jpg\" alt=\"\" width=\"600\" height=\"432\" srcset=\"http:\/\/www.ulidatler.com\/wp\/wp-content\/uploads\/2019\/08\/martina-petz-quartett-c_48255263187_o-300x216.jpg 300w, http:\/\/www.ulidatler.com\/wp\/wp-content\/uploads\/2019\/08\/martina-petz-quartett-c_48255263187_o-768x553.jpg 768w, http:\/\/www.ulidatler.com\/wp\/wp-content\/uploads\/2019\/08\/martina-petz-quartett-c_48255263187_o-1024x737.jpg 1024w, http:\/\/www.ulidatler.com\/wp\/wp-content\/uploads\/2019\/08\/martina-petz-quartett-c_48255263187_o-208x150.jpg 208w, http:\/\/www.ulidatler.com\/wp\/wp-content\/uploads\/2019\/08\/martina-petz-quartett-c_48255263187_o-150x108.jpg 150w, http:\/\/www.ulidatler.com\/wp\/wp-content\/uploads\/2019\/08\/martina-petz-quartett-c_48255263187_o.jpg 1920w\" sizes=\"auto, (max-width: 600px) 100vw, 600px\" \/><\/td>\n<\/tr>\n<tr style=\"height: 23px;\">\n<td style=\"width: 100%; height: 23px;\"><\/td>\n<\/tr>\n<tr style=\"height: 23px;\">\n<td style=\"width: 100%; height: 23px;\"><\/td>\n<\/tr>\n<\/tbody>\n<\/table>\n<p><img loading=\"lazy\" decoding=\"async\" class=\"alignleft wp-image-1522\" src=\"http:\/\/www.ulidatler.com\/wp\/wp-content\/uploads\/2019\/08\/MG_9760-1024x683-300x200.jpg\" alt=\"\" width=\"600\" height=\"400\" srcset=\"http:\/\/www.ulidatler.com\/wp\/wp-content\/uploads\/2019\/08\/MG_9760-1024x683-300x200.jpg 300w, http:\/\/www.ulidatler.com\/wp\/wp-content\/uploads\/2019\/08\/MG_9760-1024x683-768x512.jpg 768w, http:\/\/www.ulidatler.com\/wp\/wp-content\/uploads\/2019\/08\/MG_9760-1024x683.jpg 1024w, http:\/\/www.ulidatler.com\/wp\/wp-content\/uploads\/2019\/08\/MG_9760-1024x683-225x150.jpg 225w, http:\/\/www.ulidatler.com\/wp\/wp-content\/uploads\/2019\/08\/MG_9760-1024x683-150x100.jpg 150w\" sizes=\"auto, (max-width: 600px) 100vw, 600px\" \/><\/td>\n<\/tr>\n<\/tbody>\n<\/table>\n","protected":false},"excerpt":{"rendered":"<p>\u00a0 \u00a0 \u00a0 \u00a0 \u00a0 \u00a0\u00a0Uli Datler Trio\u00a0 Uli Datler&#8230;&#8230;&#8230;&#8230;&#8230;&#8230;&#8230;&#8230;..piano Alexander Lackner&#8230;&#8230;&#8230;&#8230;.bass Christian Grobauer&#8230;&#8230;&#8230;&#8230;.drums Transparenz und Fragilit\u00e4t der kleinen Besetzung erm\u00f6glichen die intensive Interaktion der Dreiecksbeziehung &#8222;Piano-Trio&#8220;. Die Balance zwischen Komposition und Arrangement einerseits und der sich daraus entwickelnden Improvisation andererseits wird von uns ausgelotet und immer wieder neu erschaffen.\u2026 <a class=\"continue-reading-link\" href=\"http:\/\/www.ulidatler.com\/wp\/?page_id=149\">Continue reading<\/a><\/p>\n","protected":false},"author":2,"featured_media":0,"parent":0,"menu_order":3,"comment_status":"closed","ping_status":"closed","template":"","meta":{"footnotes":""},"class_list":["post-149","page","type-page","status-publish","hentry"],"_links":{"self":[{"href":"http:\/\/www.ulidatler.com\/wp\/index.php?rest_route=\/wp\/v2\/pages\/149","targetHints":{"allow":["GET"]}}],"collection":[{"href":"http:\/\/www.ulidatler.com\/wp\/index.php?rest_route=\/wp\/v2\/pages"}],"about":[{"href":"http:\/\/www.ulidatler.com\/wp\/index.php?rest_route=\/wp\/v2\/types\/page"}],"author":[{"embeddable":true,"href":"http:\/\/www.ulidatler.com\/wp\/index.php?rest_route=\/wp\/v2\/users\/2"}],"replies":[{"embeddable":true,"href":"http:\/\/www.ulidatler.com\/wp\/index.php?rest_route=%2Fwp%2Fv2%2Fcomments&post=149"}],"version-history":[{"count":94,"href":"http:\/\/www.ulidatler.com\/wp\/index.php?rest_route=\/wp\/v2\/pages\/149\/revisions"}],"predecessor-version":[{"id":1722,"href":"http:\/\/www.ulidatler.com\/wp\/index.php?rest_route=\/wp\/v2\/pages\/149\/revisions\/1722"}],"wp:attachment":[{"href":"http:\/\/www.ulidatler.com\/wp\/index.php?rest_route=%2Fwp%2Fv2%2Fmedia&parent=149"}],"curies":[{"name":"wp","href":"https:\/\/api.w.org\/{rel}","templated":true}]}}