{"id":34,"date":"2014-10-02T18:14:04","date_gmt":"2014-10-02T16:07:27","guid":{"rendered":"http:\/\/www.ulidatler.com\/wp\/?page_id=34"},"modified":"2019-08-24T18:22:04","modified_gmt":"2019-08-24T16:22:04","slug":"news","status":"publish","type":"page","link":"https:\/\/www.ulidatler.com\/wp\/?page_id=34","title":{"rendered":"News"},"content":{"rendered":"<table>\n<tbody>\n<tr>\n<td style=\"width: 30%;\">\n<h4><\/h4>\n<p><strong># # # # # # # # # # # # # # # \u00a0\u00a0<span style=\"color: #f79925;\"> \u00a0 <\/span><\/strong><\/p>\n<p><strong><span style=\"color: #f79925;\">&#8222;STINGfluenced&#8220;<\/span><\/strong> hei\u00dft die erste CD meines Quintets, sie ist im J\u00e4nner 2019 bei LAZYMUSIC erschienen und wurde von uns am 07.01.2019 im Porgy&amp;Bess pr\u00e4sentiert. Ich habe mir einen lange gehegten Wunsch erf\u00fcllt und von mir geliebte Songs von STING f\u00fcr dieses Album arrangiert. Auf der Audio-page gibt\u00b4s ein paar Tracks zum anh\u00f6ren, auf der Video-page au\u00dferdem ein paar Clips, die wir beim Proben gemacht haben.<\/p>\n<p><span style=\"color: #f79925;\">Die CD kann bei mir via e-mail bestellt werden: ulidatler2@gmail.com<\/span><\/p>\n<hr \/>\n<p><em><span style=\"color: #f79925;\"><span style=\"color: #000000;\"><strong>Uli Datler Quintet\/ STINGfluenced <\/strong>\u00a0<\/span><\/span><span style=\"color: #f79925;\"><span style=\"color: #000000;\">Sting und seine Musik faszinieren ihn seit den 80er-Jahren: In jazzigen Arrangements und im akustischen Setting l\u00e4sst der swingende Pianist dessen Kompositionen jetzt erklingen. Ein H\u00f6rerlebnis, wie er neun Solo-Werke und drei Police-Klassiker dekonstruiert und sie nach eigenem Schaltplan wieder zusammenbaut. &#8211; ROS<\/span><\/span><\/em><\/p>\n<p><em>Kurier, 13.01.2019 (****)<\/em><\/p>\n<hr \/>\n<p>Ein Pressetext zur CD:<\/p>\n<p><em>Uli Datler liebt die Musik von Sting.\u00a0<\/em><\/p>\n<p><em>Alles beginnt Mitte der 80er Jahre, als ein Freund und ehemaliger Schulkollege Uli Datler zu einem gemeinsamen Kinobesuch einl\u00e4dt. Ein folgenschwerer Abend, denn nachdem Datler den Dokumentarfilm \u201eBring On The Night\u201c gesehen hat, l\u00e4sst ihn die Musik von Gordon Sumner, genannt Sting, nicht mehr los. Wohl gemerkt: Es handelt sich um die Band, mit der Sting nach der Aufl\u00f6sung von The Police seine Solokarriere startete. Der englische S\u00e4nger und Bassist hatte die damals revolution\u00e4re Idee, sich von der Cr\u00e8me der jungen Jazzgeneration begleiten zu lassen, und holte Branford Marsalis, Kenny Kirkland, Darryl Jones und Omar Hakim ins Studio.<\/em><\/p>\n<p><em><span style=\"font-family: inherit;\">Was Sting mit dieser oder \u00e4hnlichen Besetzungen zwischen 1985 und 1987 aufnahm, geh\u00f6rt aus heutiger Sichtzum Besten, was die 80er Jahre auf dem Popsektor zu bieten hatten und war meilenweit entfernt vom Funk-Pop eines Michael Jackson oder den Disco-Hits von Culture Club oder den Pet Shop Boys, ja vielleicht war es sogar die Geburtsstunde des Adult Pop.<\/span><\/em><\/p>\n<p><em>Uli Datler n\u00e4hert sich den Sting\u2019schen Vorlagen aus der Sicht eines mit allen Wassern gewaschenen Jazzpianisten und w\u00e4rmt sozusagen eine Jugendliebe auf. Er hat das Projekt in Ruhe reifen lassen und geht jetzt, da er auch die ideale Band daf\u00fcr gefunden hat, mit \u201eSTINGfluenced\u201c an die \u00d6ffentlichkeit. Aber er l\u00e4sst sich von seiner gro\u00dfen Liebe zur Musik Stings nicht blind machen: Mit Respekt, aber auch einer ordentlichen Prise Individualit\u00e4t hat er die bekannten Songs, von \u201eMoon Over Bourbon Street\u201c \u00fcber das genial interpretierte \u201eFields Of Gold\u201c bis hin zu \u201eFragile\u201c f\u00fcr sein handverlesenes Quintett arrangiert und eingespielt. Und mit einem kleinen Augenzwinkern nimmt er auch noch \u201eRoxanne\u201c und \u201eEvery Breath You Take\u201c aus alten Police-Zeiten mit in die Playlist.<\/em><\/p>\n<p><em>Ach ja, die Band: Neben erfahrenen Musikern wie dem Saxofonisten Thomas Faulhammer, dem Gitarristen Edi K\u00f6hldorfer und Bernd Rommel am Schlagzeug k\u00f6nnen wir auch das gro\u00dfe Talent des jungen Bassisten Martin Heinzle auf der CD h\u00f6ren. Dem Pianisten und Bandleader ist es h\u00f6rbar gelungen, seine Begeisterung f\u00fcr die Sting-Klassiker nicht nur in die Arrangements zu legen, sondern auch auf sein Quintett zu \u00fcbertragen, wie viele beseelte Soli beweisen.<\/em><\/p>\n<p><em>Denn, wie gesagt: Uli Datler liebt die Musik von Sting.<\/em><\/p>\n<p><em>Martin Schuster (Concerto-Magazin)<\/em><\/p>\n<p><strong># # # # # # # # # # # # # # # <\/strong><\/p>\n<p>Seit dem 16.01.2015 ist die <span style=\"color: #ff9900;\">CD &#8222;<strong>A Dancing Shape<\/strong>&#8220; <\/span>meines Trios nun ver\u00f6ffentlicht. Sie ist u.a. bei <a href=\"http:\/\/www.crackedanegg.com\">cracked anegg records<\/a>, Amazon, iTunes oder direkt bei mir erh\u00e4ltlich. In der J\u00e4n\/Feb-Ausgabe des Musikmagazins &#8222;Concerto&#8220; ist zu meiner Freude eine weitere\u00a0<a href=\"http:\/\/www.crackedanegg.com\/index.php?set_language=de&amp;cccpage=project51_press_detail&amp;set_z_project51_press=8\">Rezension <\/a>erschienen. Au\u00dferdem wurde unsere CD mit 4 von 5 m\u00f6glichen Punkten bewertet. Bei der CD-Pr\u00e4sentation am 7.1.2015 im Porgy&amp;Bess haben wir auch ein Video produziert. 5 Songs dieses Abends sind auf der Videoseite der Homepage und auf Youtube zu sehen. H\u00f6rproben der CD gibt es auf der Audio-Seite.<\/p>\n<hr \/>\n<p>Ein Pressetext zu unserer CD:<\/p>\n<p><em>&#8222;Wovon man nicht sprechen kann, dar\u00fcber muss man schweigen.&#8220;<\/em><\/p>\n<p><em>Was Ludwig Wittgenstein &#8211; freilich in anderem Zusammenhang &#8211; so trefflich formuliert hat, mag auch f\u00fcr den Pianisten Uli Datler gelten. Er geh\u00f6rt nicht zu den Musikern, die geschw\u00e4tzige und beh\u00fcbschende Tonkaskaden auft\u00fcrmen. Ganz im Gegenteil. Jede seiner Noten hat ihren Platz, und er wei\u00df um die Bedeutung der Pausen zwischen ihnen.<\/em><\/p>\n<p><em>Seine Kompositionen gestaltet Uli Datler mit starkem Formbewusstsein.\u00a0Die oft kontrapunktisch angelegten Themen werden durch rasante L\u00e4ufe unterbrochen, so als m\u00fcsste er noch schnell einen &#8222;Nebensatz&#8220; einwerfen. In den Soloteilen erweist sich der Wiener Pianist erst recht als gewitzter Rhetoriker: Behutsam stellt er die ersten &#8222;Worte&#8220; und &#8222;Satzteile&#8220; in den Raum, verdichtet sie dann, hakt nach und erg\u00e4nzt, bis er zu einem aussagekr\u00e4ftigen Statement gelangt.<\/em><\/p>\n<p><em>Kurz: Uli Datler ist ein Musiker, der etwas zu sagen hat und der auch wei\u00df, wie er es sagen will &#8211; manchmal z\u00f6gernd, manchmal sanft insistierend, leidenschaftlich aufbrausend oder lyrisch verhalten. Gemeinsam mit Alexander Lackner (Bass) und Christian Grobauer (Schlagzeug) gewinnt der Pianist dem schon oft totgesagten Format &#8222;Piano &#8211; Trio&#8220; originelle und frische Facetten ab. Bleibt zu hoffen, dass diese Musik auf viele offene Ohren trifft.<\/em><\/p>\n<p><em>(Martin Schuster, CONCERTO)<\/em><\/p>\n<hr \/>\n<p>Weitere Rezensionen der CD &#8222;A Dancing Shape&#8220;: <em><a href=\"http:\/\/www.musicaustria.at.\/magazin\/jazz-improvisierte-musik\/artikel-berichte\/uli-datler-trio-dancing-shape\">MICA Musikmagazin<\/a>, \u00a0<\/em><a href=\"http:\/\/www.crackedanegg.com\/index.php?set_language=de&amp;cccpage=project51_press_detail&amp;set_z_project51_press=\"><em>Jazz`halo<\/em><\/a><\/td>\n<td>\u00a0<img loading=\"lazy\" decoding=\"async\" class=\"alignleft wp-image-1513\" src=\"http:\/\/www.ulidatler.com\/wp\/wp-content\/uploads\/2019\/08\/Dattler_190107_c_Andreas_Mueller_203-2-300x200.jpg\" alt=\"\" width=\"600\" height=\"400\" srcset=\"https:\/\/www.ulidatler.com\/wp\/wp-content\/uploads\/2019\/08\/Dattler_190107_c_Andreas_Mueller_203-2-300x200.jpg 300w, https:\/\/www.ulidatler.com\/wp\/wp-content\/uploads\/2019\/08\/Dattler_190107_c_Andreas_Mueller_203-2-768x512.jpg 768w, https:\/\/www.ulidatler.com\/wp\/wp-content\/uploads\/2019\/08\/Dattler_190107_c_Andreas_Mueller_203-2-1024x683.jpg 1024w, https:\/\/www.ulidatler.com\/wp\/wp-content\/uploads\/2019\/08\/Dattler_190107_c_Andreas_Mueller_203-2-225x150.jpg 225w, https:\/\/www.ulidatler.com\/wp\/wp-content\/uploads\/2019\/08\/Dattler_190107_c_Andreas_Mueller_203-2-150x100.jpg 150w\" sizes=\"auto, (max-width: 600px) 100vw, 600px\" \/><\/td>\n<\/tr>\n<\/tbody>\n<\/table>\n","protected":false},"excerpt":{"rendered":"<p># # # # # # # # # # # # # # # \u00a0\u00a0 \u00a0 &#8222;STINGfluenced&#8220; hei\u00dft die erste CD meines Quintets, sie ist im J\u00e4nner 2019 bei LAZYMUSIC erschienen und wurde von uns am 07.01.2019 im Porgy&amp;Bess pr\u00e4sentiert. Ich habe mir einen lange gehegten Wunsch erf\u00fcllt und\u2026 <a class=\"continue-reading-link\" href=\"https:\/\/www.ulidatler.com\/wp\/?page_id=34\">Continue reading<\/a><\/p>\n","protected":false},"author":2,"featured_media":0,"parent":0,"menu_order":0,"comment_status":"closed","ping_status":"closed","template":"templates\/template-onecolumn.php","meta":{"footnotes":""},"class_list":["post-34","page","type-page","status-publish","hentry"],"_links":{"self":[{"href":"https:\/\/www.ulidatler.com\/wp\/index.php?rest_route=\/wp\/v2\/pages\/34","targetHints":{"allow":["GET"]}}],"collection":[{"href":"https:\/\/www.ulidatler.com\/wp\/index.php?rest_route=\/wp\/v2\/pages"}],"about":[{"href":"https:\/\/www.ulidatler.com\/wp\/index.php?rest_route=\/wp\/v2\/types\/page"}],"author":[{"embeddable":true,"href":"https:\/\/www.ulidatler.com\/wp\/index.php?rest_route=\/wp\/v2\/users\/2"}],"replies":[{"embeddable":true,"href":"https:\/\/www.ulidatler.com\/wp\/index.php?rest_route=%2Fwp%2Fv2%2Fcomments&post=34"}],"version-history":[{"count":105,"href":"https:\/\/www.ulidatler.com\/wp\/index.php?rest_route=\/wp\/v2\/pages\/34\/revisions"}],"predecessor-version":[{"id":1720,"href":"https:\/\/www.ulidatler.com\/wp\/index.php?rest_route=\/wp\/v2\/pages\/34\/revisions\/1720"}],"wp:attachment":[{"href":"https:\/\/www.ulidatler.com\/wp\/index.php?rest_route=%2Fwp%2Fv2%2Fmedia&parent=34"}],"curies":[{"name":"wp","href":"https:\/\/api.w.org\/{rel}","templated":true}]}}